{"id":3153,"date":"2014-04-09T14:01:42","date_gmt":"2014-04-09T13:01:42","guid":{"rendered":"https:\/\/uiva.pt\/?page_id=3153"},"modified":"2023-06-14T15:15:57","modified_gmt":"2023-06-14T15:15:57","slug":"portfolio","status":"publish","type":"page","link":"https:\/\/uiva.pt\/en\/","title":{"rendered":"Portfolio"},"content":{"rendered":"","protected":false},"excerpt":{"rendered":"","protected":false},"author":1,"featured_media":0,"parent":0,"menu_order":12,"comment_status":"open","ping_status":"closed","template":"template-portfolio.php","meta":{"footnotes":""},"class_list":["post-3153","page","type-page","status-publish","hentry"],"yoast_head":"<!-- This site is optimized with the Yoast SEO plugin v27.3 - https:\/\/yoast.com\/product\/yoast-seo-wordpress\/ -->\n<title>Uiva | Communications Agency<\/title>\n<meta name=\"description\" content=\"We create and manage Brands that Howl. Brands that speak louder. Brands that stand out. Brands that, through creativity and the power of communication, distinguish themselves in the crowd. That&#039;s our purpose. And does your brand howl?\" \/>\n<meta name=\"robots\" content=\"index, follow, max-snippet:-1, max-image-preview:large, max-video-preview:-1\" \/>\n<link rel=\"canonical\" href=\"https:\/\/uiva.pt\/en\/\" \/>\n<meta property=\"og:locale\" content=\"en_US\" \/>\n<meta property=\"og:type\" content=\"article\" \/>\n<meta property=\"og:title\" content=\"Uiva | Communications Agency\" \/>\n<meta property=\"og:description\" content=\"We create and manage Brands that Howl. Brands that speak louder. Brands that stand out. Brands that, through creativity and the power of communication, distinguish themselves in the crowd. That&#039;s our purpose. And does your brand howl?\" \/>\n<meta property=\"og:url\" content=\"https:\/\/uiva.pt\/en\/\" \/>\n<meta property=\"og:site_name\" content=\"Uiva\" \/>\n<meta property=\"article:publisher\" content=\"https:\/\/www.facebook.com\/uiva.pt\" \/>\n<meta property=\"article:modified_time\" content=\"2023-06-14T15:15:57+00:00\" \/>\n<meta name=\"twitter:card\" content=\"summary_large_image\" \/>\n<script type=\"application\/ld+json\" class=\"yoast-schema-graph\">{\"@context\":\"https:\\\/\\\/schema.org\",\"@graph\":[{\"@type\":\"WebPage\",\"@id\":\"https:\\\/\\\/uiva.pt\\\/en\\\/\",\"url\":\"https:\\\/\\\/uiva.pt\\\/en\\\/\",\"name\":\"Uiva | Communications Agency\",\"isPartOf\":{\"@id\":\"https:\\\/\\\/uiva.pt\\\/en\\\/#website\"},\"datePublished\":\"2014-04-09T13:01:42+00:00\",\"dateModified\":\"2023-06-14T15:15:57+00:00\",\"description\":\"We create and manage Brands that Howl. Brands that speak louder. Brands that stand out. Brands that, through creativity and the power of communication, distinguish themselves in the crowd. That's our purpose. And does your brand howl?\",\"inLanguage\":\"en-US\",\"potentialAction\":[{\"@type\":\"ReadAction\",\"target\":[\"https:\\\/\\\/uiva.pt\\\/en\\\/\"]}]},{\"@type\":\"WebSite\",\"@id\":\"https:\\\/\\\/uiva.pt\\\/en\\\/#website\",\"url\":\"https:\\\/\\\/uiva.pt\\\/en\\\/\",\"name\":\"Uiva - Ag\u00eancia de Comunica\u00e7\u00e3o\",\"description\":\"Ag\u00eancia de Comunica\u00e7\u00e3o\",\"potentialAction\":[{\"@type\":\"SearchAction\",\"target\":{\"@type\":\"EntryPoint\",\"urlTemplate\":\"https:\\\/\\\/uiva.pt\\\/en\\\/?s={search_term_string}\"},\"query-input\":{\"@type\":\"PropertyValueSpecification\",\"valueRequired\":true,\"valueName\":\"search_term_string\"}}],\"inLanguage\":\"en-US\"}]}<\/script>\n<!-- \/ Yoast SEO plugin. -->","yoast_head_json":{"title":"Uiva | Communications Agency","description":"We create and manage Brands that Howl. Brands that speak louder. Brands that stand out. Brands that, through creativity and the power of communication, distinguish themselves in the crowd. That's our purpose. And does your brand howl?","robots":{"index":"index","follow":"follow","max-snippet":"max-snippet:-1","max-image-preview":"max-image-preview:large","max-video-preview":"max-video-preview:-1"},"canonical":"https:\/\/uiva.pt\/en\/","og_locale":"en_US","og_type":"article","og_title":"Uiva | Communications Agency","og_description":"We create and manage Brands that Howl. Brands that speak louder. Brands that stand out. Brands that, through creativity and the power of communication, distinguish themselves in the crowd. That's our purpose. And does your brand howl?","og_url":"https:\/\/uiva.pt\/en\/","og_site_name":"Uiva","article_publisher":"https:\/\/www.facebook.com\/uiva.pt","article_modified_time":"2023-06-14T15:15:57+00:00","twitter_card":"summary_large_image","schema":{"@context":"https:\/\/schema.org","@graph":[{"@type":"WebPage","@id":"https:\/\/uiva.pt\/en\/","url":"https:\/\/uiva.pt\/en\/","name":"Uiva | Communications Agency","isPartOf":{"@id":"https:\/\/uiva.pt\/en\/#website"},"datePublished":"2014-04-09T13:01:42+00:00","dateModified":"2023-06-14T15:15:57+00:00","description":"We create and manage Brands that Howl. Brands that speak louder. Brands that stand out. Brands that, through creativity and the power of communication, distinguish themselves in the crowd. That's our purpose. And does your brand howl?","inLanguage":"en-US","potentialAction":[{"@type":"ReadAction","target":["https:\/\/uiva.pt\/en\/"]}]},{"@type":"WebSite","@id":"https:\/\/uiva.pt\/en\/#website","url":"https:\/\/uiva.pt\/en\/","name":"Uiva - Ag\u00eancia de Comunica\u00e7\u00e3o","description":"Ag\u00eancia de Comunica\u00e7\u00e3o","potentialAction":[{"@type":"SearchAction","target":{"@type":"EntryPoint","urlTemplate":"https:\/\/uiva.pt\/en\/?s={search_term_string}"},"query-input":{"@type":"PropertyValueSpecification","valueRequired":true,"valueName":"search_term_string"}}],"inLanguage":"en-US"}]}},"_links":{"self":[{"href":"https:\/\/uiva.pt\/en\/wp-json\/wp\/v2\/pages\/3153","targetHints":{"allow":["GET"]}}],"collection":[{"href":"https:\/\/uiva.pt\/en\/wp-json\/wp\/v2\/pages"}],"about":[{"href":"https:\/\/uiva.pt\/en\/wp-json\/wp\/v2\/types\/page"}],"author":[{"embeddable":true,"href":"https:\/\/uiva.pt\/en\/wp-json\/wp\/v2\/users\/1"}],"replies":[{"embeddable":true,"href":"https:\/\/uiva.pt\/en\/wp-json\/wp\/v2\/comments?post=3153"}],"version-history":[{"count":1,"href":"https:\/\/uiva.pt\/en\/wp-json\/wp\/v2\/pages\/3153\/revisions"}],"predecessor-version":[{"id":3154,"href":"https:\/\/uiva.pt\/en\/wp-json\/wp\/v2\/pages\/3153\/revisions\/3154"}],"wp:attachment":[{"href":"https:\/\/uiva.pt\/en\/wp-json\/wp\/v2\/media?parent=3153"}],"curies":[{"name":"wp","href":"https:\/\/api.w.org\/{rel}","templated":true}]}}